{"id":28,"date":"2026-01-05T22:37:10","date_gmt":"2026-01-05T21:37:10","guid":{"rendered":"https:\/\/www.concepto360.pe\/?page_id=28"},"modified":"2026-02-03T22:50:53","modified_gmt":"2026-02-03T21:50:53","slug":"nosotros","status":"publish","type":"page","link":"https:\/\/www.concepto360.pe\/?page_id=28","title":{"rendered":"Nosotros"},"content":{"rendered":"\t\t<div data-elementor-type=\"wp-page\" data-elementor-id=\"28\" class=\"elementor elementor-28\" data-elementor-post-type=\"page\">\n\t\t\t\t<div class=\"elementor-element elementor-element-00e17c5 e-con-full e-flex e-con e-parent\" data-id=\"00e17c5\" data-element_type=\"container\" data-settings=\"{&quot;background_background&quot;:&quot;gradient&quot;}\">\n\t\t<div class=\"elementor-element elementor-element-79b8818 e-flex e-con-boxed e-con e-child\" data-id=\"79b8818\" data-element_type=\"container\">\n\t\t\t\t\t<div class=\"e-con-inner\">\n\t\t<div class=\"elementor-element elementor-element-2bfa5e7 e-con-full e-flex e-con e-child\" data-id=\"2bfa5e7\" data-element_type=\"container\">\n\t\t\t\t<div class=\"elementor-element elementor-element-3650eeb animated-slow elementor-invisible elementor-widget elementor-widget-text-editor\" data-id=\"3650eeb\" data-element_type=\"widget\" data-settings=\"{&quot;_animation&quot;:&quot;fadeInLeft&quot;,&quot;_animation_delay&quot;:1000}\" data-widget_type=\"text-editor.default\">\n\t\t\t\t\t\t\t\t\t<h2>Impulsamos sostenibilidad, innovaci\u00f3n y desarrollo para las industrias del pa\u00eds.<\/h2><p>Concepto 360 es una empresa especializada en crear plataformas que generan impacto real en el \u00e1mbito social, ambiental y empresarial. Promovemos sostenibilidad, innovaci\u00f3n, automatizaci\u00f3n y digitalizaci\u00f3n, trabajando de la mano con empresas, instituciones l\u00edderes, gobierno, comunidades y la academia.<\/p><h4>\u00bfQu\u00e9 hacemos?<\/h4><p>Dise\u00f1amos y ejecutamos soluciones integrales de informaci\u00f3n, capacitaci\u00f3n y promoci\u00f3n comercial que incluyen congresos, workshops, publicaciones y eventos sectoriales. Conectamos actores clave y generamos oportunidades reales de crecimiento para diversas industrias.<\/p>\t\t\t\t\t\t\t\t<\/div>\n\t\t\t\t<\/div>\n\t\t<div class=\"elementor-element elementor-element-8c3e97f e-con-full e-flex e-con e-child\" data-id=\"8c3e97f\" data-element_type=\"container\">\n\t\t<div class=\"elementor-element elementor-element-3a05188 e-con-full e-flex e-con e-child\" data-id=\"3a05188\" data-element_type=\"container\">\n\t\t\t\t<div class=\"elementor-element elementor-element-3eb19e6 animated-slow elementor-invisible elementor-widget elementor-widget-image\" data-id=\"3eb19e6\" data-element_type=\"widget\" data-settings=\"{&quot;_animation&quot;:&quot;fadeInRight&quot;,&quot;_animation_delay&quot;:200}\" data-widget_type=\"image.default\">\n\t\t\t\t\t\t\t\t\t\t\t\t\t\t\t<img fetchpriority=\"high\" decoding=\"async\" width=\"800\" height=\"580\" src=\"https:\/\/www.concepto360.pe\/wp-content\/uploads\/2026\/01\/nosotros-5.jpg\" class=\"attachment-full size-full wp-image-239\" alt=\"\" srcset=\"https:\/\/www.concepto360.pe\/wp-content\/uploads\/2026\/01\/nosotros-5.jpg 800w, https:\/\/www.concepto360.pe\/wp-content\/uploads\/2026\/01\/nosotros-5-300x218.jpg 300w, https:\/\/www.concepto360.pe\/wp-content\/uploads\/2026\/01\/nosotros-5-768x557.jpg 768w\" sizes=\"(max-width: 800px) 100vw, 800px\" \/>\t\t\t\t\t\t\t\t\t\t\t\t\t\t\t<\/div>\n\t\t\t\t<div class=\"elementor-element elementor-element-60f8f14 animated-slow elementor-invisible elementor-widget elementor-widget-image\" data-id=\"60f8f14\" data-element_type=\"widget\" data-settings=\"{&quot;_animation&quot;:&quot;fadeInRight&quot;,&quot;_animation_delay&quot;:400,&quot;_animation_mobile&quot;:&quot;fadeInLeft&quot;}\" data-widget_type=\"image.default\">\n\t\t\t\t\t\t\t\t\t\t\t\t\t\t\t<img decoding=\"async\" width=\"800\" height=\"580\" src=\"https:\/\/www.concepto360.pe\/wp-content\/uploads\/2026\/01\/nosotros-2.jpg\" class=\"attachment-full size-full wp-image-230\" alt=\"\" srcset=\"https:\/\/www.concepto360.pe\/wp-content\/uploads\/2026\/01\/nosotros-2.jpg 800w, https:\/\/www.concepto360.pe\/wp-content\/uploads\/2026\/01\/nosotros-2-300x218.jpg 300w, https:\/\/www.concepto360.pe\/wp-content\/uploads\/2026\/01\/nosotros-2-768x557.jpg 768w\" sizes=\"(max-width: 800px) 100vw, 800px\" \/>\t\t\t\t\t\t\t\t\t\t\t\t\t\t\t<\/div>\n\t\t\t\t<\/div>\n\t\t<div class=\"elementor-element elementor-element-09b4c2c e-con-full e-flex e-con e-child\" data-id=\"09b4c2c\" data-element_type=\"container\">\n\t\t\t\t<div class=\"elementor-element elementor-element-e71e9a5 animated-slow elementor-invisible elementor-widget elementor-widget-image\" data-id=\"e71e9a5\" data-element_type=\"widget\" data-settings=\"{&quot;_animation&quot;:&quot;fadeInRight&quot;,&quot;_animation_delay&quot;:300}\" data-widget_type=\"image.default\">\n\t\t\t\t\t\t\t\t\t\t\t\t\t\t\t<img decoding=\"async\" width=\"800\" height=\"580\" src=\"https:\/\/www.concepto360.pe\/wp-content\/uploads\/2026\/01\/nosotros-4.jpg\" class=\"attachment-full size-full wp-image-232\" alt=\"\" srcset=\"https:\/\/www.concepto360.pe\/wp-content\/uploads\/2026\/01\/nosotros-4.jpg 800w, https:\/\/www.concepto360.pe\/wp-content\/uploads\/2026\/01\/nosotros-4-300x218.jpg 300w, https:\/\/www.concepto360.pe\/wp-content\/uploads\/2026\/01\/nosotros-4-768x557.jpg 768w\" sizes=\"(max-width: 800px) 100vw, 800px\" \/>\t\t\t\t\t\t\t\t\t\t\t\t\t\t\t<\/div>\n\t\t\t\t<div class=\"elementor-element elementor-element-24f74db animated-slow elementor-invisible elementor-widget elementor-widget-image\" data-id=\"24f74db\" data-element_type=\"widget\" data-settings=\"{&quot;_animation&quot;:&quot;fadeInRight&quot;,&quot;_animation_delay&quot;:500}\" data-widget_type=\"image.default\">\n\t\t\t\t\t\t\t\t\t\t\t\t\t\t\t<img loading=\"lazy\" decoding=\"async\" width=\"800\" height=\"580\" src=\"https:\/\/www.concepto360.pe\/wp-content\/uploads\/2026\/01\/nosotros-1.jpg\" class=\"attachment-full size-full wp-image-229\" alt=\"\" srcset=\"https:\/\/www.concepto360.pe\/wp-content\/uploads\/2026\/01\/nosotros-1.jpg 800w, https:\/\/www.concepto360.pe\/wp-content\/uploads\/2026\/01\/nosotros-1-300x218.jpg 300w, https:\/\/www.concepto360.pe\/wp-content\/uploads\/2026\/01\/nosotros-1-768x557.jpg 768w\" sizes=\"(max-width: 800px) 100vw, 800px\" \/>\t\t\t\t\t\t\t\t\t\t\t\t\t\t\t<\/div>\n\t\t\t\t<\/div>\n\t\t\t\t<\/div>\n\t\t\t\t\t<\/div>\n\t\t\t\t<\/div>\n\t\t<div class=\"elementor-element elementor-element-0826a4e e-flex e-con-boxed e-con e-child\" data-id=\"0826a4e\" data-element_type=\"container\">\n\t\t\t\t\t<div class=\"e-con-inner\">\n\t\t<div class=\"elementor-element elementor-element-7ad2d8f e-con-full e-flex e-con e-child\" data-id=\"7ad2d8f\" data-element_type=\"container\">\n\t\t<div class=\"elementor-element elementor-element-77ca0d2 e-con-full e-flex e-con e-child\" data-id=\"77ca0d2\" data-element_type=\"container\">\n\t\t\t\t<div class=\"elementor-element elementor-element-8b34cde animated-slow elementor-invisible elementor-widget elementor-widget-heading\" data-id=\"8b34cde\" data-element_type=\"widget\" data-settings=\"{&quot;_animation&quot;:&quot;fadeInUp&quot;,&quot;_animation_delay&quot;:200,&quot;_animation_mobile&quot;:&quot;fadeInLeft&quot;}\" data-widget_type=\"heading.default\">\n\t\t\t\t\t<h2 class=\"elementor-heading-title elementor-size-default\">Nuestras especialidades<\/h2>\t\t\t\t<\/div>\n\t\t\t\t<\/div>\n\t\t<div class=\"elementor-element elementor-element-a4ffa7c e-con-full e-flex e-con e-child\" data-id=\"a4ffa7c\" data-element_type=\"container\">\n\t\t<div class=\"elementor-element elementor-element-1313cb3 e-con-full animated-slow e-flex elementor-invisible e-con e-child\" data-id=\"1313cb3\" data-element_type=\"container\" data-settings=\"{&quot;background_background&quot;:&quot;gradient&quot;,&quot;animation&quot;:&quot;fadeInUp&quot;,&quot;animation_delay&quot;:300,&quot;animation_mobile&quot;:&quot;fadeInRight&quot;}\">\n\t\t\t\t<div class=\"elementor-element elementor-element-c8938bb elementor-widget elementor-widget-text-editor\" data-id=\"c8938bb\" data-element_type=\"widget\" data-widget_type=\"text-editor.default\">\n\t\t\t\t\t\t\t\t\t<p>Congresos, simposios, conferencias y workshops<\/p>\t\t\t\t\t\t\t\t<\/div>\n\t\t\t\t<\/div>\n\t\t<div class=\"elementor-element elementor-element-6c580c8 e-con-full animated-slow e-flex elementor-invisible e-con e-child\" data-id=\"6c580c8\" data-element_type=\"container\" data-settings=\"{&quot;background_background&quot;:&quot;gradient&quot;,&quot;animation&quot;:&quot;fadeInUp&quot;,&quot;animation_delay&quot;:400,&quot;animation_mobile&quot;:&quot;fadeInLeft&quot;}\">\n\t\t\t\t<div class=\"elementor-element elementor-element-8d8700b elementor-widget elementor-widget-text-editor\" data-id=\"8d8700b\" data-element_type=\"widget\" data-widget_type=\"text-editor.default\">\n\t\t\t\t\t\t\t\t\t<p>Eventos sectoriales: pasarelas, semanas de la industria y concursos<\/p>\t\t\t\t\t\t\t\t<\/div>\n\t\t\t\t<\/div>\n\t\t<div class=\"elementor-element elementor-element-170a19d e-con-full animated-slow e-flex elementor-invisible e-con e-child\" data-id=\"170a19d\" data-element_type=\"container\" data-settings=\"{&quot;background_background&quot;:&quot;gradient&quot;,&quot;animation&quot;:&quot;fadeInUp&quot;,&quot;animation_delay&quot;:500,&quot;animation_mobile&quot;:&quot;fadeInRight&quot;}\">\n\t\t\t\t<div class=\"elementor-element elementor-element-f3b4532 elementor-widget elementor-widget-text-editor\" data-id=\"f3b4532\" data-element_type=\"widget\" data-widget_type=\"text-editor.default\">\n\t\t\t\t\t\t\t\t\t<p>Publicaciones, libros, memorias, gu\u00edas sectoriales y cat\u00e1logos.<\/p>\t\t\t\t\t\t\t\t<\/div>\n\t\t\t\t<\/div>\n\t\t\t\t<\/div>\n\t\t\t\t<\/div>\n\t\t<div class=\"elementor-element elementor-element-7f0d9fb e-con-full e-flex e-con e-child\" data-id=\"7f0d9fb\" data-element_type=\"container\">\n\t\t<div class=\"elementor-element elementor-element-ec6d209 e-con-full e-flex e-con e-child\" data-id=\"ec6d209\" data-element_type=\"container\">\n\t\t\t\t<div class=\"elementor-element elementor-element-c7646ca animated-slow elementor-invisible elementor-widget elementor-widget-heading\" data-id=\"c7646ca\" data-element_type=\"widget\" data-settings=\"{&quot;_animation&quot;:&quot;fadeInUp&quot;,&quot;_animation_delay&quot;:200,&quot;_animation_mobile&quot;:&quot;fadeInLeft&quot;}\" data-widget_type=\"heading.default\">\n\t\t\t\t\t<h2 class=\"elementor-heading-title elementor-size-default\">Nuestros Valores<\/h2>\t\t\t\t<\/div>\n\t\t\t\t<\/div>\n\t\t<div class=\"elementor-element elementor-element-ed49058 e-con-full e-flex e-con e-child\" data-id=\"ed49058\" data-element_type=\"container\">\n\t\t<div class=\"elementor-element elementor-element-5d72d8e e-con-full animated-slow e-flex elementor-invisible e-con e-child\" data-id=\"5d72d8e\" data-element_type=\"container\" data-settings=\"{&quot;background_background&quot;:&quot;gradient&quot;,&quot;animation&quot;:&quot;fadeInUp&quot;,&quot;animation_delay&quot;:300,&quot;animation_mobile&quot;:&quot;fadeInRight&quot;}\">\n\t\t\t\t<div class=\"elementor-element elementor-element-ed57bcb elementor-widget elementor-widget-text-editor\" data-id=\"ed57bcb\" data-element_type=\"widget\" data-widget_type=\"text-editor.default\">\n\t\t\t\t\t\t\t\t\t<p><b>\u00c9tica<\/b><\/p><p>Actuamos con integridad, transparencia y respeto a la legislaci\u00f3n.<\/p>\t\t\t\t\t\t\t\t<\/div>\n\t\t\t\t<\/div>\n\t\t<div class=\"elementor-element elementor-element-6a1209b e-con-full animated-slow e-flex elementor-invisible e-con e-child\" data-id=\"6a1209b\" data-element_type=\"container\" data-settings=\"{&quot;background_background&quot;:&quot;gradient&quot;,&quot;animation&quot;:&quot;fadeInUp&quot;,&quot;animation_delay&quot;:400,&quot;animation_mobile&quot;:&quot;fadeInLeft&quot;}\">\n\t\t\t\t<div class=\"elementor-element elementor-element-9382562 elementor-widget elementor-widget-text-editor\" data-id=\"9382562\" data-element_type=\"widget\" data-widget_type=\"text-editor.default\">\n\t\t\t\t\t\t\t\t\t<p><b>Responsabilidad<\/b><\/p><p>Asumimos cada proyecto con compromiso y excelencia<\/p>\t\t\t\t\t\t\t\t<\/div>\n\t\t\t\t<\/div>\n\t\t<div class=\"elementor-element elementor-element-aac220a e-con-full animated-slow e-flex elementor-invisible e-con e-child\" data-id=\"aac220a\" data-element_type=\"container\" data-settings=\"{&quot;background_background&quot;:&quot;gradient&quot;,&quot;animation&quot;:&quot;fadeInUp&quot;,&quot;animation_delay&quot;:500,&quot;animation_mobile&quot;:&quot;fadeInRight&quot;}\">\n\t\t\t\t<div class=\"elementor-element elementor-element-205d8c3 elementor-widget elementor-widget-text-editor\" data-id=\"205d8c3\" data-element_type=\"widget\" data-widget_type=\"text-editor.default\">\n\t\t\t\t\t\t\t\t\t<p><b>Trabajo en Equipo<\/b><\/p><p>Colaboramos para lograr resultados que generen alto impacto.<\/p>\t\t\t\t\t\t\t\t<\/div>\n\t\t\t\t<\/div>\n\t\t\t\t<\/div>\n\t\t\t\t<\/div>\n\t\t\t\t\t<\/div>\n\t\t\t\t<\/div>\n\t\t<div class=\"elementor-element elementor-element-dd47d08 e-con-full elementor-hidden-tablet elementor-hidden-mobile e-flex e-con e-child\" data-id=\"dd47d08\" data-element_type=\"container\" data-settings=\"{&quot;position&quot;:&quot;absolute&quot;,&quot;motion_fx_motion_fx_scrolling&quot;:&quot;yes&quot;,&quot;motion_fx_translateY_effect&quot;:&quot;yes&quot;,&quot;motion_fx_translateY_speed&quot;:{&quot;unit&quot;:&quot;px&quot;,&quot;size&quot;:4,&quot;sizes&quot;:[]},&quot;motion_fx_translateY_affectedRange&quot;:{&quot;unit&quot;:&quot;%&quot;,&quot;size&quot;:&quot;&quot;,&quot;sizes&quot;:{&quot;start&quot;:0,&quot;end&quot;:100}},&quot;motion_fx_devices&quot;:[&quot;desktop&quot;,&quot;tablet&quot;,&quot;mobile&quot;]}\">\n\t\t\t\t<div class=\"elementor-element elementor-element-dfcad53 e-transform elementor-invisible elementor-widget elementor-widget-image\" data-id=\"dfcad53\" data-element_type=\"widget\" data-settings=\"{&quot;_transform_rotateZ_effect&quot;:{&quot;unit&quot;:&quot;px&quot;,&quot;size&quot;:7,&quot;sizes&quot;:[]},&quot;_animation&quot;:&quot;fadeInUp&quot;,&quot;_transform_rotateZ_effect_tablet&quot;:{&quot;unit&quot;:&quot;deg&quot;,&quot;size&quot;:&quot;&quot;,&quot;sizes&quot;:[]},&quot;_transform_rotateZ_effect_mobile&quot;:{&quot;unit&quot;:&quot;deg&quot;,&quot;size&quot;:&quot;&quot;,&quot;sizes&quot;:[]}}\" data-widget_type=\"image.default\">\n\t\t\t\t\t\t\t\t\t\t\t\t\t\t\t<img loading=\"lazy\" decoding=\"async\" width=\"227\" height=\"482\" src=\"https:\/\/www.concepto360.pe\/wp-content\/uploads\/2026\/01\/lineas-blancas-concepto-360.png\" class=\"attachment-full size-full wp-image-79\" alt=\"\" srcset=\"https:\/\/www.concepto360.pe\/wp-content\/uploads\/2026\/01\/lineas-blancas-concepto-360.png 227w, https:\/\/www.concepto360.pe\/wp-content\/uploads\/2026\/01\/lineas-blancas-concepto-360-141x300.png 141w\" sizes=\"(max-width: 227px) 100vw, 227px\" \/>\t\t\t\t\t\t\t\t\t\t\t\t\t\t\t<\/div>\n\t\t\t\t<\/div>\n\t\t\t\t<\/div>\n\t\t\t\t<\/div>\n\t\t","protected":false},"excerpt":{"rendered":"<p>Impulsamos sostenibilidad, innovaci\u00f3n y desarrollo para las industrias del pa\u00eds. Concepto 360 es una empresa especializada en crear plataformas que generan impacto real en el \u00e1mbito social, ambiental y empresarial. Promovemos sostenibilidad, innovaci\u00f3n, automatizaci\u00f3n y digitalizaci\u00f3n, trabajando de la mano con empresas, instituciones l\u00edderes, gobierno, comunidades y la academia. \u00bfQu\u00e9 hacemos? Dise\u00f1amos y ejecutamos soluciones &#8230; <a title=\"Nosotros\" class=\"read-more\" href=\"https:\/\/www.concepto360.pe\/?page_id=28\" aria-label=\"Leer m\u00e1s sobre Nosotros\">Leer m\u00e1s<\/a><\/p>\n","protected":false},"author":1,"featured_media":0,"parent":0,"menu_order":0,"comment_status":"closed","ping_status":"closed","template":"elementor_header_footer","meta":{"footnotes":""},"class_list":["post-28","page","type-page","status-publish"],"_links":{"self":[{"href":"https:\/\/www.concepto360.pe\/index.php?rest_route=\/wp\/v2\/pages\/28","targetHints":{"allow":["GET"]}}],"collection":[{"href":"https:\/\/www.concepto360.pe\/index.php?rest_route=\/wp\/v2\/pages"}],"about":[{"href":"https:\/\/www.concepto360.pe\/index.php?rest_route=\/wp\/v2\/types\/page"}],"author":[{"embeddable":true,"href":"https:\/\/www.concepto360.pe\/index.php?rest_route=\/wp\/v2\/users\/1"}],"replies":[{"embeddable":true,"href":"https:\/\/www.concepto360.pe\/index.php?rest_route=%2Fwp%2Fv2%2Fcomments&post=28"}],"version-history":[{"count":58,"href":"https:\/\/www.concepto360.pe\/index.php?rest_route=\/wp\/v2\/pages\/28\/revisions"}],"predecessor-version":[{"id":473,"href":"https:\/\/www.concepto360.pe\/index.php?rest_route=\/wp\/v2\/pages\/28\/revisions\/473"}],"wp:attachment":[{"href":"https:\/\/www.concepto360.pe\/index.php?rest_route=%2Fwp%2Fv2%2Fmedia&parent=28"}],"curies":[{"name":"wp","href":"https:\/\/api.w.org\/{rel}","templated":true}]}}